{"id":119,"date":"2023-12-03T14:15:19","date_gmt":"2023-12-03T14:15:19","guid":{"rendered":"https:\/\/vasalindhe.se\/?page_id=119"},"modified":"2023-12-03T14:15:19","modified_gmt":"2023-12-03T14:15:19","slug":"referenser-2","status":"publish","type":"page","link":"http:\/\/vasalindhe.se\/?page_id=119","title":{"rendered":"Referenser"},"content":{"rendered":"<p><strong>Stort tack till<\/strong><\/p>\n<p><strong>Brita S\u00f6derberg<\/strong>, som skrev en sl\u00e4ktkr\u00f6nika i 3 delar 1981 \u2013 1984. I kr\u00f6nikan beskrivs inte bara sl\u00e4ktingarna utan \u00e4ven deras g\u00e5rdar, begravningsplatser m m.<\/p>\n<p><img loading=\"lazy\" decoding=\"async\" class=\"alignnone size-medium wp-image-114\" src=\"http:\/\/vasalindhe.se\/wp-content\/uploads\/2023\/12\/Slaktkronika1-1-194x300.jpg\" alt=\"\" width=\"194\" height=\"300\" srcset=\"http:\/\/vasalindhe.se\/wp-content\/uploads\/2023\/12\/Slaktkronika1-1-194x300.jpg 194w, http:\/\/vasalindhe.se\/wp-content\/uploads\/2023\/12\/Slaktkronika1-1.jpg 369w\" sizes=\"auto, (max-width: 194px) 100vw, 194px\" \/> <img loading=\"lazy\" decoding=\"async\" class=\"alignnone size-medium wp-image-115\" src=\"http:\/\/vasalindhe.se\/wp-content\/uploads\/2023\/12\/Slaktkronika2-1-199x300.jpg\" alt=\"\" width=\"199\" height=\"300\" srcset=\"http:\/\/vasalindhe.se\/wp-content\/uploads\/2023\/12\/Slaktkronika2-1-199x300.jpg 199w, http:\/\/vasalindhe.se\/wp-content\/uploads\/2023\/12\/Slaktkronika2-1.jpg 399w\" sizes=\"auto, (max-width: 199px) 100vw, 199px\" \/> <img loading=\"lazy\" decoding=\"async\" class=\"alignnone size-medium wp-image-116\" src=\"http:\/\/vasalindhe.se\/wp-content\/uploads\/2023\/12\/Slaktkronika3-1-202x300.jpg\" alt=\"\" width=\"202\" height=\"300\" srcset=\"http:\/\/vasalindhe.se\/wp-content\/uploads\/2023\/12\/Slaktkronika3-1-202x300.jpg 202w, http:\/\/vasalindhe.se\/wp-content\/uploads\/2023\/12\/Slaktkronika3-1.jpg 401w\" sizes=\"auto, (max-width: 202px) 100vw, 202px\" \/><\/p>\n<p><strong>Per Andersson<\/strong>, som har skrivit bokverket Sveriges Kungasl\u00e4kt, d\u00e4r vi har f\u00e5tt l\u00e5na material till v\u00e5rt sl\u00e4kttr\u00e4d.<\/p>\n<p><img loading=\"lazy\" decoding=\"async\" class=\"alignnone size-medium wp-image-117\" src=\"http:\/\/vasalindhe.se\/wp-content\/uploads\/2023\/12\/Per-Andersson-2-300x47.jpg\" alt=\"\" width=\"300\" height=\"47\" srcset=\"http:\/\/vasalindhe.se\/wp-content\/uploads\/2023\/12\/Per-Andersson-2-300x47.jpg 300w, http:\/\/vasalindhe.se\/wp-content\/uploads\/2023\/12\/Per-Andersson-2.jpg 567w\" sizes=\"auto, (max-width: 300px) 100vw, 300px\" \/><\/p>\n<p>&nbsp;<\/p>\n<p>&nbsp;<\/p>\n","protected":false},"excerpt":{"rendered":"<p>Stort tack till Brita S\u00f6derberg, som skrev en sl\u00e4ktkr\u00f6nika i 3 delar 1981 \u2013 1984. I kr\u00f6nikan beskrivs inte bara sl\u00e4ktingarna utan \u00e4ven deras g\u00e5rdar, begravningsplatser m m. Per Andersson, som har skrivit bokverket Sveriges Kungasl\u00e4kt, d\u00e4r vi har f\u00e5tt &hellip; <a href=\"http:\/\/vasalindhe.se\/?page_id=119\">Forts\u00e4tt l\u00e4sa <span class=\"meta-nav\">&rarr;<\/span><\/a><\/p>\n","protected":false},"author":1,"featured_media":0,"parent":0,"menu_order":0,"comment_status":"closed","ping_status":"closed","template":"","meta":{"footnotes":""},"class_list":["post-119","page","type-page","status-publish","hentry"],"_links":{"self":[{"href":"http:\/\/vasalindhe.se\/index.php?rest_route=\/wp\/v2\/pages\/119","targetHints":{"allow":["GET"]}}],"collection":[{"href":"http:\/\/vasalindhe.se\/index.php?rest_route=\/wp\/v2\/pages"}],"about":[{"href":"http:\/\/vasalindhe.se\/index.php?rest_route=\/wp\/v2\/types\/page"}],"author":[{"embeddable":true,"href":"http:\/\/vasalindhe.se\/index.php?rest_route=\/wp\/v2\/users\/1"}],"replies":[{"embeddable":true,"href":"http:\/\/vasalindhe.se\/index.php?rest_route=%2Fwp%2Fv2%2Fcomments&post=119"}],"version-history":[{"count":0,"href":"http:\/\/vasalindhe.se\/index.php?rest_route=\/wp\/v2\/pages\/119\/revisions"}],"wp:attachment":[{"href":"http:\/\/vasalindhe.se\/index.php?rest_route=%2Fwp%2Fv2%2Fmedia&parent=119"}],"curies":[{"name":"wp","href":"https:\/\/api.w.org\/{rel}","templated":true}]}}