{"id":154,"date":"2023-12-09T09:11:29","date_gmt":"2023-12-09T09:11:29","guid":{"rendered":"https:\/\/vasalindhe.se\/?page_id=154"},"modified":"2023-12-10T11:26:46","modified_gmt":"2023-12-10T11:26:46","slug":"foreningen-2","status":"publish","type":"page","link":"https:\/\/vasalindhe.se\/","title":{"rendered":"F\u00f6reningen"},"content":{"rendered":"<p>Sten-Erik Lindh\u00e9, som har varit med i f\u00f6reningens styrelse l\u00e4ngst, ber\u00e4ttar:<\/p>\n<p><em>Sl\u00e4kten hade tv\u00e5 m\u00f6ten runt 1950 och ett 1963. D\u00e4r var bl a min morfar Ragnar Lindh\u00e9 och Elna Rudberg medarrang\u00f6rer.<\/em><\/p>\n<p><em>Min gammelfaster Annie Lindh\u00e9, syster till Ragnar, hade p\u00e5 sin f\u00f6delsedag den 14:e januari \u00f6ppet hus med kaffe och t\u00e5rta. Dit kom spontant de av hennes syskon och deras barn, som ville uppvakta Annie och tr\u00e4ffa sina sl\u00e4ktingar. Min mamma (May Lindh\u00e9) tillh\u00f6rde dem som ofta gick dit och eftersom hon var ensamst\u00e5ende s\u00e5 fick jag f\u00f6lja med. Och jag fortsatte upp i vuxen \u00e5lder att g\u00e5 dit. S\u00e5 1976 d\u00f6k Annies kusin Elna upp p\u00e5 f\u00f6delsedagen. Efter lite sm\u00e5prat om gamla tider och sl\u00e4ktingar s\u00e5 s\u00e4ger Elna: Jag tycker att vi ska ordna ett sl\u00e4ktm\u00f6te! Hon ber\u00e4ttar att hennes dotter (Brita S\u00f6derberg) skriver p\u00e5 en sl\u00e4ktkr\u00f6nika och att vi kanske kunde ha m\u00f6tet p\u00e5 Marieberg. Och du ordnar det h\u00e4r, sa Elna och tittade p\u00e5 mig.<\/em><\/p>\n<p><em>Sagt och gjort. M\u00f6te best\u00e4mdes till den 14:e augusti 1976 p\u00e5 Marieberg. Adresser fr\u00e5n listan till 1963 \u00e5rs m\u00f6te togs fram, sl\u00e4ktingar intervjuades och telefonkatalogen konsulterades om ytterligare adresser. Inbjudan skickades ut och ca 70 sl\u00e4ktingar anm\u00e4lde sig.<\/em><\/p>\n<p><em>Planeringen drabbades sedan av en jobspost. Marieberg s\u00e5ldes till Curt Nicolin med snar inflyttning. Vi fick d\u00e5 snabbt erbjudande av Staffan Lindh\u00e9 och hans pappa G\u00f6sta att l\u00e5na b\u00e5ten M\/S Simson av dem. S\u00e5 m\u00f6tet genomf\u00f6rdes ombord under en tur i innersk\u00e4rg\u00e5rden. Ombord serverades lunch och Brita ber\u00e4ttade om sin sl\u00e4ktforskning. Allt blev mycket lyckat.<\/em><\/p>\n<p><em>Den 13:e september samma \u00e5r h\u00f6lls ett konstituerande m\u00f6te d\u00e4r f\u00f6reningen bildades och styrelse valdes. Hilbert Lindh\u00e9 blev ordf\u00f6rande och jag sekreterare. Ett nytt sl\u00e4ktm\u00f6te f\u00f6reslogs till den 13:e augusti 1977. Detta beslutades senare att genomf\u00f6ras som en utf\u00e4rd till g\u00e5rden Haget i Borensberg, d\u00e4r Johan Otto Frans Lindh\u00e9 bodde p\u00e5 sin \u00e5lders h\u00f6st, till Kristbergs kyrka d\u00e4r han ligger begraven och med lunch i Mottala. Drygt 40 sl\u00e4ktingar deltog i m\u00f6tet.<\/em><\/p>\n<p><em>Utskick gjordes 1976 och 1977 i samband med sl\u00e4ktm\u00f6tena och f\u00f6rsta Lindh\u00e9-bladet kom ut 1978.<\/em><\/p>\n","protected":false},"excerpt":{"rendered":"<p>Sten-Erik Lindh\u00e9, som har varit med i f\u00f6reningens styrelse l\u00e4ngst, ber\u00e4ttar: Sl\u00e4kten hade tv\u00e5 m\u00f6ten runt 1950 och ett 1963. D\u00e4r var bl a min morfar Ragnar Lindh\u00e9 och Elna Rudberg medarrang\u00f6rer. Min gammelfaster Annie Lindh\u00e9, syster till Ragnar, hade &hellip; <a href=\"https:\/\/vasalindhe.se\/\">Forts\u00e4tt l\u00e4sa <span class=\"meta-nav\">&rarr;<\/span><\/a><\/p>\n","protected":false},"author":1,"featured_media":0,"parent":0,"menu_order":0,"comment_status":"closed","ping_status":"closed","template":"","meta":{"footnotes":""},"class_list":["post-154","page","type-page","status-publish","hentry"],"_links":{"self":[{"href":"https:\/\/vasalindhe.se\/index.php?rest_route=\/wp\/v2\/pages\/154","targetHints":{"allow":["GET"]}}],"collection":[{"href":"https:\/\/vasalindhe.se\/index.php?rest_route=\/wp\/v2\/pages"}],"about":[{"href":"https:\/\/vasalindhe.se\/index.php?rest_route=\/wp\/v2\/types\/page"}],"author":[{"embeddable":true,"href":"https:\/\/vasalindhe.se\/index.php?rest_route=\/wp\/v2\/users\/1"}],"replies":[{"embeddable":true,"href":"https:\/\/vasalindhe.se\/index.php?rest_route=%2Fwp%2Fv2%2Fcomments&post=154"}],"version-history":[{"count":0,"href":"https:\/\/vasalindhe.se\/index.php?rest_route=\/wp\/v2\/pages\/154\/revisions"}],"wp:attachment":[{"href":"https:\/\/vasalindhe.se\/index.php?rest_route=%2Fwp%2Fv2%2Fmedia&parent=154"}],"curies":[{"name":"wp","href":"https:\/\/api.w.org\/{rel}","templated":true}]}}