{"id":632,"date":"2025-12-05T06:35:35","date_gmt":"2025-12-05T06:35:35","guid":{"rendered":"http:\/\/vasalindhe.se\/?page_id=632"},"modified":"2025-12-05T06:35:36","modified_gmt":"2025-12-05T06:35:36","slug":"2025-2","status":"publish","type":"page","link":"https:\/\/vasalindhe.se\/?page_id=632","title":{"rendered":"2025"},"content":{"rendered":"\n<p>Kommer snart&#8230;<\/p>\n\n\n<a href=\"http:\/\/vasalindhe.se\/?page_id=10\">Bli medlem nu f\u00f6r att l\u00e4sa s\u00e5 fort som m\u00f6jligt!<\/a>\n","protected":false},"excerpt":{"rendered":"<p>Kommer snart&#8230; Bli medlem nu f\u00f6r att l\u00e4sa s\u00e5 fort som m\u00f6jligt!<\/p>\n","protected":false},"author":2,"featured_media":0,"parent":0,"menu_order":0,"comment_status":"closed","ping_status":"closed","template":"","meta":{"footnotes":""},"class_list":["post-632","page","type-page","status-publish","hentry"],"_links":{"self":[{"href":"https:\/\/vasalindhe.se\/index.php?rest_route=\/wp\/v2\/pages\/632","targetHints":{"allow":["GET"]}}],"collection":[{"href":"https:\/\/vasalindhe.se\/index.php?rest_route=\/wp\/v2\/pages"}],"about":[{"href":"https:\/\/vasalindhe.se\/index.php?rest_route=\/wp\/v2\/types\/page"}],"author":[{"embeddable":true,"href":"https:\/\/vasalindhe.se\/index.php?rest_route=\/wp\/v2\/users\/2"}],"replies":[{"embeddable":true,"href":"https:\/\/vasalindhe.se\/index.php?rest_route=%2Fwp%2Fv2%2Fcomments&post=632"}],"version-history":[{"count":2,"href":"https:\/\/vasalindhe.se\/index.php?rest_route=\/wp\/v2\/pages\/632\/revisions"}],"predecessor-version":[{"id":634,"href":"https:\/\/vasalindhe.se\/index.php?rest_route=\/wp\/v2\/pages\/632\/revisions\/634"}],"wp:attachment":[{"href":"https:\/\/vasalindhe.se\/index.php?rest_route=%2Fwp%2Fv2%2Fmedia&parent=632"}],"curies":[{"name":"wp","href":"https:\/\/api.w.org\/{rel}","templated":true}]}}